{"id":967,"date":"2021-05-06T09:21:24","date_gmt":"2021-05-06T09:21:24","guid":{"rendered":"https:\/\/bridge431.qodeinteractive.com\/?page_id=2"},"modified":"2021-05-06T09:21:24","modified_gmt":"2021-05-06T09:21:24","slug":"sample-page-2","status":"publish","type":"page","link":"https:\/\/panda-s.com\/pl\/przykladowa-strona-2\/","title":{"rendered":"Przyk\u0142adowa Strona"},"content":{"rendered":"<p>To jest przyk\u0142adowa strona. R\u00f3\u017cni si\u0119 od wpisu na blogu tym, \u017ce pozostanie w jednym miejscu i b\u0119dzie widoczny w nawigacji Twojej witryny (w wi\u0119kszo\u015bci motyw\u00f3w). Wi\u0119kszo\u015b\u0107 ludzi zaczyna od strony Informacje, kt\u00f3ra przedstawia ich potencjalnym odwiedzaj\u0105cym witryn\u0119. Mo\u017ce powiedzie\u0107 co\u015b takiego:<\/p>\n\n\n\n<blockquote class=\"wp-block-quote is-layout-flow wp-block-quote-is-layout-flow\"><p>Cze\u015b\u0107! W dzie\u0144 jestem kurierem rowerowym, w nocy aspiruj\u0105cym aktorem, a to jest moja strona internetowa. Mieszkam w Los Angeles, mam wspania\u0142ego psa o imieniu Jack i lubi\u0119 pi\u00f1a colad\u0119. (I z\u0142apa\u0142 mnie deszcz.)<\/p><\/blockquote>\n\n\n\n<p>\u2026lub co\u015b w tym stylu:<\/p>\n\n\n\n<blockquote class=\"wp-block-quote is-layout-flow wp-block-quote-is-layout-flow\"><p>Firma XYZ Doohickey zosta\u0142a za\u0142o\u017cona w 1971 roku i od tego czasu dostarcza spo\u0142ecze\u0144stwu wysokiej jako\u015bci klucze doohickey. Zlokalizowana w Gotham City firma XYZ zatrudnia ponad 2000 os\u00f3b i robi mn\u00f3stwo niesamowitych rzeczy dla spo\u0142eczno\u015bci Gotham.<\/p><\/blockquote>\n\n\n\n<p>Jako nowy u\u017cytkownik WordPressa powiniene\u015b przej\u015b\u0107 do <a href=\"https:\/\/bridge431.qodeinteractive.com\/wp-admin\/\">sw\u00f3j pulpit nawigacyjny<\/a> aby usun\u0105\u0107 t\u0119 stron\u0119 i utworzy\u0107 nowe strony dla swojej zawarto\u015bci. Baw si\u0119 dobrze!<\/p>","protected":false},"excerpt":{"rendered":"<p>This is an example page. It&#8217;s different from a blog post because it will stay in one place and will show up in your site navigation (in most themes). Most people start with an About page that introduces them to potential site visitors. It might say something like this: Hi there! I&#8217;m a bike messenger [&hellip;]<\/p>","protected":false},"author":2,"featured_media":0,"parent":0,"menu_order":0,"comment_status":"closed","ping_status":"open","template":"","meta":{"_acf_changed":false,"footnotes":""},"acf":[],"yoast_head":"<!-- This site is optimized with the Yoast SEO plugin v22.9 - https:\/\/yoast.com\/wordpress\/plugins\/seo\/ -->\n<title>Sample Page - Pandas Logistics<\/title>\n<meta name=\"robots\" content=\"index, follow, max-snippet:-1, max-image-preview:large, max-video-preview:-1\" \/>\n<link rel=\"canonical\" href=\"https:\/\/panda-s.com\/pl\/przykladowa-strona-2\/\" \/>\n<meta property=\"og:locale\" content=\"pl_PL\" \/>\n<meta property=\"og:type\" content=\"article\" \/>\n<meta property=\"og:title\" content=\"Sample Page - Pandas Logistics\" \/>\n<meta property=\"og:description\" content=\"This is an example page. It&#8217;s different from a blog post because it will stay in one place and will show up in your site navigation (in most themes). Most people start with an About page that introduces them to potential site visitors. It might say something like this: Hi there! I&#8217;m a bike messenger [&hellip;]\" \/>\n<meta property=\"og:url\" content=\"https:\/\/panda-s.com\/pl\/przykladowa-strona-2\/\" \/>\n<meta property=\"og:site_name\" content=\"Pandas Logistics\" \/>\n<meta name=\"twitter:card\" content=\"summary_large_image\" \/>\n<meta name=\"twitter:label1\" content=\"Szacowany czas czytania\" \/>\n\t<meta name=\"twitter:data1\" content=\"1 minuta\" \/>\n<script type=\"application\/ld+json\" class=\"yoast-schema-graph\">{\"@context\":\"https:\/\/schema.org\",\"@graph\":[{\"@type\":\"WebPage\",\"@id\":\"https:\/\/panda-s.com\/sample-page-2\/\",\"url\":\"https:\/\/panda-s.com\/sample-page-2\/\",\"name\":\"Sample Page - Pandas Logistics\",\"isPartOf\":{\"@id\":\"https:\/\/panda-s.com\/#website\"},\"datePublished\":\"2021-05-06T09:21:24+00:00\",\"dateModified\":\"2021-05-06T09:21:24+00:00\",\"breadcrumb\":{\"@id\":\"https:\/\/panda-s.com\/sample-page-2\/#breadcrumb\"},\"inLanguage\":\"pl-PL\",\"potentialAction\":[{\"@type\":\"ReadAction\",\"target\":[\"https:\/\/panda-s.com\/sample-page-2\/\"]}]},{\"@type\":\"BreadcrumbList\",\"@id\":\"https:\/\/panda-s.com\/sample-page-2\/#breadcrumb\",\"itemListElement\":[{\"@type\":\"ListItem\",\"position\":1,\"name\":\"Home\",\"item\":\"https:\/\/panda-s.com\/\"},{\"@type\":\"ListItem\",\"position\":2,\"name\":\"Sample Page\"}]},{\"@type\":\"WebSite\",\"@id\":\"https:\/\/panda-s.com\/#website\",\"url\":\"https:\/\/panda-s.com\/\",\"name\":\"Pandas Logistics\",\"description\":\"\",\"publisher\":{\"@id\":\"https:\/\/panda-s.com\/#organization\"},\"potentialAction\":[{\"@type\":\"SearchAction\",\"target\":{\"@type\":\"EntryPoint\",\"urlTemplate\":\"https:\/\/panda-s.com\/?s={search_term_string}\"},\"query-input\":\"required name=search_term_string\"}],\"inLanguage\":\"pl-PL\"},{\"@type\":\"Organization\",\"@id\":\"https:\/\/panda-s.com\/#organization\",\"name\":\"Pandas Logistics\",\"url\":\"https:\/\/panda-s.com\/\",\"logo\":{\"@type\":\"ImageObject\",\"inLanguage\":\"pl-PL\",\"@id\":\"https:\/\/panda-s.com\/#\/schema\/logo\/image\/\",\"url\":\"https:\/\/panda-s.com\/wp-content\/uploads\/2024\/06\/white_png.png\",\"contentUrl\":\"https:\/\/panda-s.com\/wp-content\/uploads\/2024\/06\/white_png.png\",\"width\":1600,\"height\":333,\"caption\":\"Pandas Logistics\"},\"image\":{\"@id\":\"https:\/\/panda-s.com\/#\/schema\/logo\/image\/\"}}]}<\/script>\n<!-- \/ Yoast SEO plugin. -->","yoast_head_json":{"title":"Sample Page - Pandas Logistics","robots":{"index":"index","follow":"follow","max-snippet":"max-snippet:-1","max-image-preview":"max-image-preview:large","max-video-preview":"max-video-preview:-1"},"canonical":"https:\/\/panda-s.com\/pl\/przykladowa-strona-2\/","og_locale":"pl_PL","og_type":"article","og_title":"Sample Page - Pandas Logistics","og_description":"This is an example page. It&#8217;s different from a blog post because it will stay in one place and will show up in your site navigation (in most themes). Most people start with an About page that introduces them to potential site visitors. It might say something like this: Hi there! I&#8217;m a bike messenger [&hellip;]","og_url":"https:\/\/panda-s.com\/pl\/przykladowa-strona-2\/","og_site_name":"Pandas Logistics","twitter_card":"summary_large_image","twitter_misc":{"Szacowany czas czytania":"1 minuta"},"schema":{"@context":"https:\/\/schema.org","@graph":[{"@type":"WebPage","@id":"https:\/\/panda-s.com\/sample-page-2\/","url":"https:\/\/panda-s.com\/sample-page-2\/","name":"Sample Page - Pandas Logistics","isPartOf":{"@id":"https:\/\/panda-s.com\/#website"},"datePublished":"2021-05-06T09:21:24+00:00","dateModified":"2021-05-06T09:21:24+00:00","breadcrumb":{"@id":"https:\/\/panda-s.com\/sample-page-2\/#breadcrumb"},"inLanguage":"pl-PL","potentialAction":[{"@type":"ReadAction","target":["https:\/\/panda-s.com\/sample-page-2\/"]}]},{"@type":"BreadcrumbList","@id":"https:\/\/panda-s.com\/sample-page-2\/#breadcrumb","itemListElement":[{"@type":"ListItem","position":1,"name":"Home","item":"https:\/\/panda-s.com\/"},{"@type":"ListItem","position":2,"name":"Sample Page"}]},{"@type":"WebSite","@id":"https:\/\/panda-s.com\/#website","url":"https:\/\/panda-s.com\/","name":"Pandas Logistics","description":"","publisher":{"@id":"https:\/\/panda-s.com\/#organization"},"potentialAction":[{"@type":"SearchAction","target":{"@type":"EntryPoint","urlTemplate":"https:\/\/panda-s.com\/?s={search_term_string}"},"query-input":"required name=search_term_string"}],"inLanguage":"pl-PL"},{"@type":"Organization","@id":"https:\/\/panda-s.com\/#organization","name":"Pandas Logistics","url":"https:\/\/panda-s.com\/","logo":{"@type":"ImageObject","inLanguage":"pl-PL","@id":"https:\/\/panda-s.com\/#\/schema\/logo\/image\/","url":"https:\/\/panda-s.com\/wp-content\/uploads\/2024\/06\/white_png.png","contentUrl":"https:\/\/panda-s.com\/wp-content\/uploads\/2024\/06\/white_png.png","width":1600,"height":333,"caption":"Pandas Logistics"},"image":{"@id":"https:\/\/panda-s.com\/#\/schema\/logo\/image\/"}}]}},"_links":{"self":[{"href":"https:\/\/panda-s.com\/pl\/wp-json\/wp\/v2\/pages\/967"}],"collection":[{"href":"https:\/\/panda-s.com\/pl\/wp-json\/wp\/v2\/pages"}],"about":[{"href":"https:\/\/panda-s.com\/pl\/wp-json\/wp\/v2\/types\/page"}],"author":[{"embeddable":true,"href":"https:\/\/panda-s.com\/pl\/wp-json\/wp\/v2\/users\/2"}],"replies":[{"embeddable":true,"href":"https:\/\/panda-s.com\/pl\/wp-json\/wp\/v2\/comments?post=967"}],"version-history":[{"count":0,"href":"https:\/\/panda-s.com\/pl\/wp-json\/wp\/v2\/pages\/967\/revisions"}],"wp:attachment":[{"href":"https:\/\/panda-s.com\/pl\/wp-json\/wp\/v2\/media?parent=967"}],"curies":[{"name":"wp","href":"https:\/\/api.w.org\/{rel}","templated":true}]}}